{"id":28,"date":"2024-10-22T17:42:56","date_gmt":"2024-10-22T15:42:56","guid":{"rendered":"https:\/\/wordpress.p679916.webspaceconfig.de\/index.php\/impressum\/"},"modified":"2024-12-11T19:01:30","modified_gmt":"2024-12-11T18:01:30","slug":"impressum","status":"publish","type":"page","link":"https:\/\/www.pfadfinder-diessen.de\/index.php\/impressum\/","title":{"rendered":"Impressum"},"content":{"rendered":"\n<p>VCP Stamm Die\u00dfen<br>Fischermartlstr. 14<br>86911 Die\u00dfen<\/p>\n\n\n\n<p>Keine Postannahme!<br><\/p>\n\n\n\n<h2 class=\"wp-block-heading\">Vertreten durch:<\/h2>\n\n\n\n<div class=\"wp-block-group is-layout-constrained wp-block-group-is-layout-constrained\">\nGabriel Englmeier<br>Stocketfeld 19<br>86911 Die\u00dfen\n<\/div>\n\n\n\n<div class=\"wp-block-group is-layout-constrained wp-block-group-is-layout-constrained\">\n<br>Vizent Sattler<br>Fischerei 7<br>86911 Die\u00dfen\n<\/div>\n\n\n\n<h2 class=\"wp-block-heading\">Verantwortlich f\u00fcr den Inhalt nach \u00a7 55 Abs. 2 RStV:<\/h2>\n\n\n\n<div class=\"wp-block-group is-layout-constrained wp-block-group-is-layout-constrained\">\nGabriel Englmeier<br>Stocketfeld 19<br>86911 Die\u00dfen\n<\/div>\n\n\n\n<h2 class=\"wp-block-heading\">Haftungshinweis<\/h2>\n\n\n\n<p>Trotz sorgf\u00e4ltiger inhaltlicher Kontrolle \u00fcbernehmen wir keine Haftung f\u00fcr die Inhalte externer Links. F\u00fcr den Inhalt der verlinkten Seiten sind ausschlie\u00dflich deren Betreiber verantwortlich.<\/p>\n\n\n\n<p>\u00dcber Anregungen, Tipps, W\u00fcnsche, Fragen, Kritik und Lob freut sich die&nbsp;Redaktion&nbsp;jederzeit!<\/p>\n\n\n\n<p>Wir weisen darauf hin, dass die ggf. in dieser Publikation verwendeten Soft- und Hardwarebezeichnungen und Markennamen der jeweiligen Firmen im Allgemeinen warenzeichen-, marken- oder patentrechtlichen Schutz unterliegen.<\/p>\n\n\n\n<p><\/p>\n","protected":false},"excerpt":{"rendered":"<p>VCP Stamm Die\u00dfenFischermartlstr. 1486911 Die\u00dfen Keine Postannahme! Vertreten durch: Gabriel EnglmeierStocketfeld 1986911 Die\u00dfen Vizent SattlerFischerei 786911 Die\u00dfen Verantwortlich f\u00fcr den Inhalt nach \u00a7 55 Abs. 2 RStV: Gabriel EnglmeierStocketfeld 1986911 Die\u00dfen Haftungshinweis Trotz sorgf\u00e4ltiger inhaltlicher Kontrolle \u00fcbernehmen wir keine Haftung f\u00fcr die Inhalte externer Links. F\u00fcr den Inhalt der verlinkten Seiten sind ausschlie\u00dflich deren Betreiber [&hellip;]<\/p>\n","protected":false},"author":1,"featured_media":0,"parent":0,"menu_order":0,"comment_status":"closed","ping_status":"closed","template":"","meta":{"footnotes":""},"class_list":["post-28","page","type-page","status-publish","hentry"],"_links":{"self":[{"href":"https:\/\/www.pfadfinder-diessen.de\/index.php\/wp-json\/wp\/v2\/pages\/28","targetHints":{"allow":["GET"]}}],"collection":[{"href":"https:\/\/www.pfadfinder-diessen.de\/index.php\/wp-json\/wp\/v2\/pages"}],"about":[{"href":"https:\/\/www.pfadfinder-diessen.de\/index.php\/wp-json\/wp\/v2\/types\/page"}],"author":[{"embeddable":true,"href":"https:\/\/www.pfadfinder-diessen.de\/index.php\/wp-json\/wp\/v2\/users\/1"}],"replies":[{"embeddable":true,"href":"https:\/\/www.pfadfinder-diessen.de\/index.php\/wp-json\/wp\/v2\/comments?post=28"}],"version-history":[{"count":8,"href":"https:\/\/www.pfadfinder-diessen.de\/index.php\/wp-json\/wp\/v2\/pages\/28\/revisions"}],"predecessor-version":[{"id":119,"href":"https:\/\/www.pfadfinder-diessen.de\/index.php\/wp-json\/wp\/v2\/pages\/28\/revisions\/119"}],"wp:attachment":[{"href":"https:\/\/www.pfadfinder-diessen.de\/index.php\/wp-json\/wp\/v2\/media?parent=28"}],"curies":[{"name":"wp","href":"https:\/\/api.w.org\/{rel}","templated":true}]}}